{"id":1527,"date":"2023-06-10T19:00:44","date_gmt":"2023-06-10T17:00:44","guid":{"rendered":"https:\/\/www.cococinnelle.com\/?post_type=product&#038;p=1527"},"modified":"2023-06-21T20:09:13","modified_gmt":"2023-06-21T18:09:13","slug":"ensemble-pantalon-velours-milleraies-pour-eminor","status":"publish","type":"product","link":"https:\/\/www.cococinnelle.com\/index.php\/produit\/ensemble-pantalon-velours-milleraies-pour-eminor\/","title":{"rendered":"Ensemble pantalon velours milleraies pour Eminor"},"content":{"rendered":"<p>[et_pb_section fb_built=&#8221;1&#8243; _builder_version=&#8221;3.22&#8243; custom_padding=&#8221;0px||||false|false&#8221;][et_pb_row _builder_version=&#8221;3.25&#8243; background_size=&#8221;initial&#8221; background_position=&#8221;top_left&#8221; background_repeat=&#8221;repeat&#8221; width=&#8221;100%&#8221; custom_padding=&#8221;0px||0px||false|false&#8221;][et_pb_column type=&#8221;4_4&#8243; _builder_version=&#8221;3.25&#8243; custom_padding=&#8221;|||&#8221; custom_padding__hover=&#8221;|||&#8221;][et_pb_wc_breadcrumb _builder_version=&#8221;3.0.47&#8243;][\/et_pb_wc_breadcrumb][et_pb_wc_cart_notice _builder_version=&#8221;3.0.47&#8243;][\/et_pb_wc_cart_notice][\/et_pb_column][\/et_pb_row][et_pb_row column_structure=&#8221;1_2,1_2&#8243; _builder_version=&#8221;3.25&#8243; background_size=&#8221;initial&#8221; background_position=&#8221;top_left&#8221; background_repeat=&#8221;repeat&#8221; width=&#8221;100%&#8221; custom_padding=&#8221;0px||||false|false&#8221;][et_pb_column type=&#8221;1_2&#8243; _builder_version=&#8221;3.25&#8243; custom_padding=&#8221;|||&#8221; custom_padding__hover=&#8221;|||&#8221;][et_pb_wc_images _builder_version=&#8221;3.0.47&#8243;][\/et_pb_wc_images][\/et_pb_column][et_pb_column type=&#8221;1_2&#8243; _builder_version=&#8221;3.25&#8243; custom_padding=&#8221;|||&#8221; custom_padding__hover=&#8221;|||&#8221;][et_pb_wc_title _builder_version=&#8221;3.0.47&#8243;][\/et_pb_wc_title][et_pb_wc_rating _builder_version=&#8221;3.0.47&#8243;][\/et_pb_wc_rating][et_pb_wc_price _builder_version=&#8221;4.7.7&#8243; body_text_color=&#8221;#c8a9a4&#8243;][\/et_pb_wc_price][et_pb_wc_description _builder_version=&#8221;3.0.47&#8243;][\/et_pb_wc_description][et_pb_wc_add_to_cart _builder_version=&#8221;3.0.47&#8243;][\/et_pb_wc_add_to_cart][et_pb_wc_meta _builder_version=&#8221;3.0.47&#8243;][\/et_pb_wc_meta][\/et_pb_column][\/et_pb_row][et_pb_row _builder_version=&#8221;3.25&#8243; background_size=&#8221;initial&#8221; background_position=&#8221;top_left&#8221; background_repeat=&#8221;repeat&#8221; width=&#8221;100%&#8221;][et_pb_column type=&#8221;4_4&#8243; _builder_version=&#8221;3.25&#8243; custom_padding=&#8221;|||&#8221; custom_padding__hover=&#8221;|||&#8221;][et_pb_wc_tabs _builder_version=&#8221;3.0.47&#8243;]\t\t\t\t\t[\/et_pb_wc_tabs][et_pb_wc_upsells _builder_version=&#8221;3.0.47&#8243;][\/et_pb_wc_upsells][et_pb_wc_related_products _builder_version=&#8221;3.0.47&#8243;][\/et_pb_wc_related_products][\/et_pb_column][\/et_pb_row][\/et_pb_section]<\/p>\n","protected":false},"excerpt":{"rendered":"<p>Jenna porte un ensemble pantalon velours milleraies.<\/p>\n<p>Cet ensemble comprend<\/p>\n<ul>\n<li>un pantalon en velours milleraies qui se ferme dans le dos par des boutons pressions.<\/li>\n<li>un haut maillot de bain en velours milleraies qui s&#8217;attache dans le cou par des lani\u00e8res et dans le dos par des boutons pressions.<\/li>\n<\/ul>\n<p>Il s&#8217;agit d&#8217;une pr\u00e9-order et le nombre d&#8217;article est limit\u00e9e \u00e0 la quantit\u00e9 de tissus disponible.<\/p>\n<p>La r\u00e9alisation et l&#8217;envoi prennent entre 15 jours \u00e0 4 semaines selon le nombre de commandes.<\/p>\n","protected":false},"featured_media":1528,"template":"","meta":{"_et_pb_use_builder":"on","_et_pb_old_content":"Jenna aime porter des v\u00eatements des ann\u00e9es 70. Les pantalons pattes d'\u00e9l\u00e9phants et les hauts courts, c'est sa passion.\r\n\r\nPour cette ensemble pantalon patte d'\u00e9l\u00e9phant, Jenna a le choix entre deux couleurs : bordeaux et bleu canard.\r\n\r\nCet ensemble comprend\r\n<ul>\r\n \t<li>un pantalon en velours milleraies qui se ferme dans le dos par des boutons pressions.<\/li>\r\n \t<li>un haut maillot de bain en velours milleraies qui s'attache dans le cou par des lani\u00e8res et dans le dos par des boutons pressions.<\/li>\r\n<\/ul>\r\nIl s'agit d'une pr\u00e9-order et le nombre d'article est limit\u00e9e \u00e0 la quantit\u00e9 de tissus disponible.\r\n\r\nLa r\u00e9alisation et l'envoi prennent entre 15 jours \u00e0 4 semaines selon le nombre de commandes.\r\n\r\nJe reste disponible sur Instagram pour r\u00e9pondre \u00e0 toutes \u00a0vos questions.\r\n\r\n&nbsp;","_et_gb_content_width":"","spay_email":""},"yoast_head":"<!-- This site is optimized with the Yoast SEO plugin v16.3 - https:\/\/yoast.com\/wordpress\/plugins\/seo\/ -->\n<title>Ensemble pantalon velours milleraies pour Eminor - Cococinnelle<\/title>\n<meta name=\"robots\" content=\"index, follow, max-snippet:-1, max-image-preview:large, max-video-preview:-1\" \/>\n<link rel=\"canonical\" href=\"https:\/\/www.cococinnelle.com\/index.php\/produit\/ensemble-pantalon-velours-milleraies-pour-eminor\/\" \/>\n<meta property=\"og:locale\" content=\"fr_FR\" \/>\n<meta property=\"og:type\" content=\"article\" \/>\n<meta property=\"og:title\" content=\"Ensemble pantalon velours milleraies pour Eminor - Cococinnelle\" \/>\n<meta property=\"og:description\" content=\"Jenna porte un ensemble pantalon velours milleraies.  Cet ensemble comprend   un pantalon en velours milleraies qui se ferme dans le dos par des boutons pressions.  un haut maillot de bain en velours milleraies qui s&#039;attache dans le cou par des lani\u00e8res et dans le dos par des boutons pressions.  Il s&#039;agit d&#039;une pr\u00e9-order et le nombre d&#039;article est limit\u00e9e \u00e0 la quantit\u00e9 de tissus disponible.  La r\u00e9alisation et l&#039;envoi prennent entre 15 jours \u00e0 4 semaines selon le nombre de commandes.\" \/>\n<meta property=\"og:url\" content=\"https:\/\/www.cococinnelle.com\/index.php\/produit\/ensemble-pantalon-velours-milleraies-pour-eminor\/\" \/>\n<meta property=\"og:site_name\" content=\"Cococinnelle\" \/>\n<meta property=\"article:modified_time\" content=\"2023-06-21T18:09:13+00:00\" \/>\n<meta property=\"og:image\" content=\"https:\/\/i1.wp.com\/www.cococinnelle.com\/wp-content\/uploads\/2023\/06\/Image-JPEG-D6A3CB5BCAB2-1.jpeg?fit=2048%2C2048&#038;ssl=1\" \/>\n\t<meta property=\"og:image:width\" content=\"2048\" \/>\n\t<meta property=\"og:image:height\" content=\"2048\" \/>\n<meta name=\"twitter:card\" content=\"summary_large_image\" \/>\n<meta name=\"twitter:label1\" content=\"Dur\u00e9e de lecture est.\">\n\t<meta name=\"twitter:data1\" content=\"1 minute\">\n<script type=\"application\/ld+json\" class=\"yoast-schema-graph\">{\"@context\":\"https:\/\/schema.org\",\"@graph\":[{\"@type\":\"WebSite\",\"@id\":\"https:\/\/www.cococinnelle.com\/#website\",\"url\":\"https:\/\/www.cococinnelle.com\/\",\"name\":\"Cococinnelle\",\"description\":\"Et tout devient possible\",\"potentialAction\":[{\"@type\":\"SearchAction\",\"target\":\"https:\/\/www.cococinnelle.com\/?s={search_term_string}\",\"query-input\":\"required name=search_term_string\"}],\"inLanguage\":\"fr-FR\"},{\"@type\":\"ImageObject\",\"@id\":\"https:\/\/www.cococinnelle.com\/index.php\/produit\/ensemble-pantalon-velours-milleraies-pour-eminor\/#primaryimage\",\"inLanguage\":\"fr-FR\",\"url\":\"https:\/\/i1.wp.com\/www.cococinnelle.com\/wp-content\/uploads\/2023\/06\/Image-JPEG-D6A3CB5BCAB2-1.jpeg?fit=2048%2C2048&ssl=1\",\"contentUrl\":\"https:\/\/i1.wp.com\/www.cococinnelle.com\/wp-content\/uploads\/2023\/06\/Image-JPEG-D6A3CB5BCAB2-1.jpeg?fit=2048%2C2048&ssl=1\",\"width\":2048,\"height\":2048},{\"@type\":\"WebPage\",\"@id\":\"https:\/\/www.cococinnelle.com\/index.php\/produit\/ensemble-pantalon-velours-milleraies-pour-eminor\/#webpage\",\"url\":\"https:\/\/www.cococinnelle.com\/index.php\/produit\/ensemble-pantalon-velours-milleraies-pour-eminor\/\",\"name\":\"Ensemble pantalon velours milleraies pour Eminor - Cococinnelle\",\"isPartOf\":{\"@id\":\"https:\/\/www.cococinnelle.com\/#website\"},\"primaryImageOfPage\":{\"@id\":\"https:\/\/www.cococinnelle.com\/index.php\/produit\/ensemble-pantalon-velours-milleraies-pour-eminor\/#primaryimage\"},\"datePublished\":\"2023-06-10T17:00:44+00:00\",\"dateModified\":\"2023-06-21T18:09:13+00:00\",\"breadcrumb\":{\"@id\":\"https:\/\/www.cococinnelle.com\/index.php\/produit\/ensemble-pantalon-velours-milleraies-pour-eminor\/#breadcrumb\"},\"inLanguage\":\"fr-FR\",\"potentialAction\":[{\"@type\":\"ReadAction\",\"target\":[\"https:\/\/www.cococinnelle.com\/index.php\/produit\/ensemble-pantalon-velours-milleraies-pour-eminor\/\"]}]},{\"@type\":\"BreadcrumbList\",\"@id\":\"https:\/\/www.cococinnelle.com\/index.php\/produit\/ensemble-pantalon-velours-milleraies-pour-eminor\/#breadcrumb\",\"itemListElement\":[{\"@type\":\"ListItem\",\"position\":1,\"item\":{\"@type\":\"WebPage\",\"@id\":\"https:\/\/www.cococinnelle.com\/\",\"url\":\"https:\/\/www.cococinnelle.com\/\",\"name\":\"Accueil\"}},{\"@type\":\"ListItem\",\"position\":2,\"item\":{\"@type\":\"WebPage\",\"@id\":\"https:\/\/www.cococinnelle.com\/index.php\/boutique\/\",\"url\":\"https:\/\/www.cococinnelle.com\/index.php\/boutique\/\",\"name\":\"Boutique\"}},{\"@type\":\"ListItem\",\"position\":3,\"item\":{\"@id\":\"https:\/\/www.cococinnelle.com\/index.php\/produit\/ensemble-pantalon-velours-milleraies-pour-eminor\/#webpage\"}}]}]}<\/script>\n<!-- \/ Yoast SEO plugin. -->","jetpack-related-posts":[],"_links":{"self":[{"href":"https:\/\/www.cococinnelle.com\/index.php\/wp-json\/wp\/v2\/product\/1527"}],"collection":[{"href":"https:\/\/www.cococinnelle.com\/index.php\/wp-json\/wp\/v2\/product"}],"about":[{"href":"https:\/\/www.cococinnelle.com\/index.php\/wp-json\/wp\/v2\/types\/product"}],"wp:featuredmedia":[{"embeddable":true,"href":"https:\/\/www.cococinnelle.com\/index.php\/wp-json\/wp\/v2\/media\/1528"}],"wp:attachment":[{"href":"https:\/\/www.cococinnelle.com\/index.php\/wp-json\/wp\/v2\/media?parent=1527"}],"curies":[{"name":"wp","href":"https:\/\/api.w.org\/{rel}","templated":true}]}}