{"id":489,"date":"2021-05-24T17:08:46","date_gmt":"2021-05-24T15:08:46","guid":{"rendered":"https:\/\/www.cococinnelle.com\/?page_id=489"},"modified":"2021-05-29T12:50:30","modified_gmt":"2021-05-29T10:50:30","slug":"portfolio-2","status":"publish","type":"page","link":"https:\/\/www.cococinnelle.com\/index.php\/portfolio-2\/","title":{"rendered":"Portfolio 2"},"content":{"rendered":"<p>[et_pb_section fb_built=&#8221;1&#8243; _builder_version=&#8221;4.7.7&#8243; _module_preset=&#8221;default&#8221; background_color=&#8221;#f0e6da&#8221;][et_pb_row _builder_version=&#8221;4.7.7&#8243; _module_preset=&#8221;default&#8221;][et_pb_column type=&#8221;4_4&#8243; _builder_version=&#8221;4.7.7&#8243; _module_preset=&#8221;default&#8221;][et_pb_text _builder_version=&#8221;4.7.7&#8243; _module_preset=&#8221;default&#8221; text_font=&#8221;september||||||||&#8221; text_font_size=&#8221;34px&#8221; text_letter_spacing=&#8221;5px&#8221;]<\/p>\n<p style=\"text-align: center;\">Mon portfolio<\/p>\n<p>[\/et_pb_text][\/et_pb_column][\/et_pb_row][\/et_pb_section][et_pb_section fb_built=&#8221;1&#8243; _builder_version=&#8221;3.22&#8243; custom_padding=&#8221;|||&#8221;][et_pb_row column_structure=&#8221;1_3,1_3,1_3&#8243; use_custom_gutter=&#8221;on&#8221; _builder_version=&#8221;3.25&#8243; max_width=&#8221;1280px&#8221; custom_margin=&#8221;|||&#8221; custom_padding=&#8221;|||&#8221; use_custom_width=&#8221;on&#8221; custom_width_px=&#8221;1280px&#8221;][et_pb_column type=&#8221;1_3&#8243; _builder_version=&#8221;3.25&#8243; custom_padding=&#8221;|||&#8221; custom_padding__hover=&#8221;|||&#8221;][et_pb_image src=&#8221;https:\/\/www.cococinnelle.com\/wp-content\/uploads\/2021\/01\/IMG_4641-rotated.jpg&#8221; title_text=&#8221;IMG_4641&#8243; show_in_lightbox=&#8221;on&#8221; use_overlay=&#8221;on&#8221; overlay_icon_color=&#8221;rgba(0,0,0,0.22)&#8221; hover_overlay_color=&#8221;rgba(255,255,255,0.29)&#8221; align_tablet=&#8221;center&#8221; align_phone=&#8221;&#8221; align_last_edited=&#8221;on|desktop&#8221; _builder_version=&#8221;4.7.7&#8243; custom_margin=&#8221;||15%|&#8221; animation_style=&#8221;slide&#8221; animation_direction=&#8221;bottom&#8221; animation_intensity_slide=&#8221;4%&#8221;][\/et_pb_image][et_pb_image src=&#8221;https:\/\/www.cococinnelle.com\/wp-content\/uploads\/2021\/01\/4503156112_IMG_0941-scaled-e1610210154984.jpg&#8221; title_text=&#8221;4503156112_IMG_0941&#8243; show_in_lightbox=&#8221;on&#8221; use_overlay=&#8221;on&#8221; overlay_icon_color=&#8221;rgba(0,0,0,0.22)&#8221; hover_overlay_color=&#8221;rgba(255,255,255,0.29)&#8221; align_tablet=&#8221;center&#8221; align_phone=&#8221;&#8221; align_last_edited=&#8221;on|desktop&#8221; _builder_version=&#8221;4.7.7&#8243; custom_margin=&#8221;||15%|&#8221; animation_style=&#8221;slide&#8221; animation_direction=&#8221;bottom&#8221; animation_intensity_slide=&#8221;4%&#8221; locked=&#8221;off&#8221;][\/et_pb_image][et_pb_image src=&#8221;https:\/\/www.cococinnelle.com\/wp-content\/uploads\/2021\/01\/IMG_6537.jpg&#8221; title_text=&#8221;IMG_6537&#8243; show_in_lightbox=&#8221;on&#8221; use_overlay=&#8221;on&#8221; overlay_icon_color=&#8221;rgba(0,0,0,0.22)&#8221; hover_overlay_color=&#8221;rgba(255,255,255,0.29)&#8221; align_tablet=&#8221;center&#8221; align_phone=&#8221;&#8221; align_last_edited=&#8221;on|desktop&#8221; _builder_version=&#8221;4.7.7&#8243; custom_margin=&#8221;||15%|&#8221; animation_style=&#8221;slide&#8221; animation_direction=&#8221;bottom&#8221; animation_intensity_slide=&#8221;4%&#8221; locked=&#8221;off&#8221;][\/et_pb_image][\/et_pb_column][et_pb_column type=&#8221;1_3&#8243; _builder_version=&#8221;3.25&#8243; custom_padding=&#8221;|||&#8221; custom_padding__hover=&#8221;|||&#8221;][et_pb_image src=&#8221;https:\/\/www.cococinnelle.com\/wp-content\/uploads\/2021\/05\/16D6EC6A-FFEF-422E-B680-819381B03419.jpeg&#8221; title_text=&#8221;16D6EC6A-FFEF-422E-B680-819381B03419&#8243; show_in_lightbox=&#8221;on&#8221; use_overlay=&#8221;on&#8221; overlay_icon_color=&#8221;rgba(0,0,0,0.22)&#8221; hover_overlay_color=&#8221;rgba(255,255,255,0.29)&#8221; align_tablet=&#8221;center&#8221; align_phone=&#8221;&#8221; align_last_edited=&#8221;on|desktop&#8221; _builder_version=&#8221;4.7.7&#8243; custom_margin=&#8221;||15%|&#8221; animation_style=&#8221;slide&#8221; animation_direction=&#8221;bottom&#8221; animation_intensity_slide=&#8221;4%&#8221; locked=&#8221;off&#8221;][\/et_pb_image][et_pb_image src=&#8221;https:\/\/www.cococinnelle.com\/wp-content\/uploads\/2021\/01\/F1247A66-4836-4DFA-BDF9-7A434915D134-scaled.jpeg&#8221; title_text=&#8221;F1247A66-4836-4DFA-BDF9-7A434915D134&#8243; show_in_lightbox=&#8221;on&#8221; use_overlay=&#8221;on&#8221; overlay_icon_color=&#8221;rgba(0,0,0,0.22)&#8221; hover_overlay_color=&#8221;rgba(255,255,255,0.29)&#8221; align_tablet=&#8221;center&#8221; align_phone=&#8221;&#8221; align_last_edited=&#8221;on|desktop&#8221; _builder_version=&#8221;4.7.7&#8243; max_height=&#8221;1000px&#8221; custom_margin=&#8221;||15%|&#8221; animation_style=&#8221;slide&#8221; animation_direction=&#8221;bottom&#8221; animation_intensity_slide=&#8221;4%&#8221; locked=&#8221;off&#8221;][\/et_pb_image][et_pb_image src=&#8221;https:\/\/www.cococinnelle.com\/wp-content\/uploads\/2021\/01\/IMG_2999-scaled.jpg&#8221; title_text=&#8221;IMG_2999&#8243; show_in_lightbox=&#8221;on&#8221; use_overlay=&#8221;on&#8221; overlay_icon_color=&#8221;rgba(0,0,0,0.22)&#8221; hover_overlay_color=&#8221;rgba(255,255,255,0.29)&#8221; align_tablet=&#8221;center&#8221; align_phone=&#8221;&#8221; align_last_edited=&#8221;on|desktop&#8221; _builder_version=&#8221;4.7.7&#8243; custom_margin=&#8221;||15%|&#8221; animation_style=&#8221;slide&#8221; animation_direction=&#8221;bottom&#8221; animation_intensity_slide=&#8221;4%&#8221; locked=&#8221;off&#8221;][\/et_pb_image][et_pb_image src=&#8221;https:\/\/www.cococinnelle.com\/wp-content\/uploads\/2021\/01\/FullSizeRender-scaled.jpg&#8221; title_text=&#8221;FullSizeRender&#8221; show_in_lightbox=&#8221;on&#8221; use_overlay=&#8221;on&#8221; overlay_icon_color=&#8221;rgba(0,0,0,0.22)&#8221; hover_overlay_color=&#8221;rgba(255,255,255,0.29)&#8221; align_tablet=&#8221;center&#8221; align_phone=&#8221;&#8221; align_last_edited=&#8221;on|desktop&#8221; _builder_version=&#8221;4.7.7&#8243; custom_margin=&#8221;||15%|&#8221; animation_style=&#8221;slide&#8221; animation_direction=&#8221;bottom&#8221; animation_intensity_slide=&#8221;4%&#8221; locked=&#8221;off&#8221;][\/et_pb_image][\/et_pb_column][et_pb_column type=&#8221;1_3&#8243; _builder_version=&#8221;3.25&#8243; custom_padding=&#8221;|||&#8221; custom_padding__hover=&#8221;|||&#8221;][et_pb_image src=&#8221;https:\/\/www.cococinnelle.com\/wp-content\/uploads\/2021\/01\/568FECBC-5999-4A4C-9099-86BD7323306F-scaled.jpg&#8221; title_text=&#8221;568FECBC-5999-4A4C-9099-86BD7323306F&#8221; show_in_lightbox=&#8221;on&#8221; use_overlay=&#8221;on&#8221; overlay_icon_color=&#8221;rgba(0,0,0,0.22)&#8221; hover_overlay_color=&#8221;rgba(255,255,255,0.29)&#8221; align_tablet=&#8221;center&#8221; align_phone=&#8221;&#8221; align_last_edited=&#8221;on|desktop&#8221; _builder_version=&#8221;4.7.7&#8243; custom_margin=&#8221;||15%|&#8221; animation_style=&#8221;slide&#8221; animation_direction=&#8221;bottom&#8221; animation_intensity_slide=&#8221;4%&#8221; locked=&#8221;off&#8221;][\/et_pb_image][et_pb_image src=&#8221;https:\/\/www.cococinnelle.com\/wp-content\/uploads\/2021\/01\/IMG_1811.jpg&#8221; title_text=&#8221;IMG_1811&#8243; show_in_lightbox=&#8221;on&#8221; use_overlay=&#8221;on&#8221; overlay_icon_color=&#8221;rgba(0,0,0,0.22)&#8221; hover_overlay_color=&#8221;rgba(255,255,255,0.29)&#8221; align_tablet=&#8221;center&#8221; align_phone=&#8221;&#8221; align_last_edited=&#8221;on|desktop&#8221; _builder_version=&#8221;4.7.7&#8243; custom_margin=&#8221;||15%|&#8221; animation_style=&#8221;slide&#8221; animation_direction=&#8221;bottom&#8221; animation_intensity_slide=&#8221;4%&#8221; locked=&#8221;off&#8221;][\/et_pb_image][et_pb_image src=&#8221;https:\/\/www.cococinnelle.com\/wp-content\/uploads\/2021\/01\/A2273C57-3D3E-4B19-8A8F-07986DBF8D25-scaled.jpg&#8221; title_text=&#8221;A2273C57-3D3E-4B19-8A8F-07986DBF8D25&#8243; show_in_lightbox=&#8221;on&#8221; use_overlay=&#8221;on&#8221; overlay_icon_color=&#8221;rgba(0,0,0,0.22)&#8221; hover_overlay_color=&#8221;rgba(255,255,255,0.29)&#8221; align_tablet=&#8221;center&#8221; align_phone=&#8221;&#8221; align_last_edited=&#8221;on|desktop&#8221; _builder_version=&#8221;4.7.7&#8243; custom_margin=&#8221;||15%|&#8221; animation_style=&#8221;slide&#8221; animation_direction=&#8221;bottom&#8221; animation_intensity_slide=&#8221;4%&#8221; locked=&#8221;off&#8221;][\/et_pb_image][et_pb_image src=&#8221;https:\/\/www.cococinnelle.com\/wp-content\/uploads\/2021\/01\/IMG_2380-scaled.jpg&#8221; title_text=&#8221;IMG_2380&#8243; show_in_lightbox=&#8221;on&#8221; use_overlay=&#8221;on&#8221; overlay_icon_color=&#8221;rgba(0,0,0,0.22)&#8221; hover_overlay_color=&#8221;rgba(255,255,255,0.29)&#8221; align_tablet=&#8221;center&#8221; align_phone=&#8221;&#8221; align_last_edited=&#8221;on|desktop&#8221; _builder_version=&#8221;4.7.7&#8243; custom_margin=&#8221;||15%|&#8221; animation_style=&#8221;slide&#8221; animation_direction=&#8221;bottom&#8221; animation_intensity_slide=&#8221;4%&#8221; locked=&#8221;off&#8221;][\/et_pb_image][\/et_pb_column][\/et_pb_row][\/et_pb_section][et_pb_section fb_built=&#8221;1&#8243; _builder_version=&#8221;4.7.7&#8243; _module_preset=&#8221;default&#8221;][et_pb_row column_structure=&#8221;1_4,1_4,1_4,1_4&#8243; _builder_version=&#8221;4.7.7&#8243; _module_preset=&#8221;default&#8221;][et_pb_column type=&#8221;1_4&#8243; _builder_version=&#8221;4.7.7&#8243; _module_preset=&#8221;default&#8221;][et_pb_blurb title=&#8221;PINTEREST&#8221; use_icon=&#8221;on&#8221; font_icon=&#8221;%%316%%&#8221; _builder_version=&#8221;4.7.7&#8243; _module_preset=&#8221;default&#8221; text_orientation=&#8221;center&#8221; hover_enabled=&#8221;0&#8243; url=&#8221;https:\/\/www.pinterest.fr\/shyna98\/_saved\/&#8221; sticky_enabled=&#8221;0&#8243;][\/et_pb_blurb][\/et_pb_column][et_pb_column type=&#8221;1_4&#8243; _builder_version=&#8221;4.7.7&#8243; _module_preset=&#8221;default&#8221;][et_pb_blurb title=&#8221;INSTAGRAM&#8221; use_icon=&#8221;on&#8221; font_icon=&#8221;%%298%%&#8221; _builder_version=&#8221;4.7.7&#8243; _module_preset=&#8221;default&#8221; text_orientation=&#8221;center&#8221; hover_enabled=&#8221;0&#8243; url=&#8221;https:\/\/www.instagram.com\/cococinnelle_shyna98\/&#8221; sticky_enabled=&#8221;0&#8243;][\/et_pb_blurb][\/et_pb_column][et_pb_column type=&#8221;1_4&#8243; _builder_version=&#8221;4.7.7&#8243; _module_preset=&#8221;default&#8221;][et_pb_blurb title=&#8221;FACEBOOK&#8221; use_icon=&#8221;on&#8221; font_icon=&#8221;%%314%%&#8221; _builder_version=&#8221;4.7.7&#8243; _module_preset=&#8221;default&#8221; text_orientation=&#8221;center&#8221; hover_enabled=&#8221;0&#8243; url=&#8221;https:\/\/www.facebook.com\/profile.php?id=100009469314591&#8243; sticky_enabled=&#8221;0&#8243;][\/et_pb_blurb][\/et_pb_column][et_pb_column type=&#8221;1_4&#8243; _builder_version=&#8221;4.7.7&#8243; _module_preset=&#8221;default&#8221;][et_pb_blurb title=&#8221;FLICKR&#8221; use_icon=&#8221;on&#8221; font_icon=&#8221;%%99%%&#8221; _builder_version=&#8221;4.7.7&#8243; _module_preset=&#8221;default&#8221; text_orientation=&#8221;center&#8221; hover_enabled=&#8221;0&#8243; url=&#8221;https:\/\/www.flickr.com\/photos\/105851296@N07\/&#8221; sticky_enabled=&#8221;0&#8243;][\/et_pb_blurb][\/et_pb_column][\/et_pb_row][\/et_pb_section]<\/p>\n","protected":false},"excerpt":{"rendered":"<p>[et_pb_section fb_built=&#8221;1&#8243; _builder_version=&#8221;4.7.7&#8243; _module_preset=&#8221;default&#8221; background_color=&#8221;#f0e6da&#8221;][et_pb_row _builder_version=&#8221;4.7.7&#8243; _module_preset=&#8221;default&#8221;][et_pb_column type=&#8221;4_4&#8243; _builder_version=&#8221;4.7.7&#8243; _module_preset=&#8221;default&#8221;][et_pb_text _builder_version=&#8221;4.7.7&#8243; _module_preset=&#8221;default&#8221; text_font=&#8221;september||||||||&#8221; text_font_size=&#8221;34px&#8221; text_letter_spacing=&#8221;5px&#8221;] Mon portfolio [\/et_pb_text][\/et_pb_column][\/et_pb_row][\/et_pb_section][et_pb_section fb_built=&#8221;1&#8243; _builder_version=&#8221;3.22&#8243; custom_padding=&#8221;|||&#8221;][et_pb_row column_structure=&#8221;1_3,1_3,1_3&#8243; use_custom_gutter=&#8221;on&#8221; _builder_version=&#8221;3.25&#8243; max_width=&#8221;1280px&#8221; custom_margin=&#8221;|||&#8221; custom_padding=&#8221;|||&#8221; use_custom_width=&#8221;on&#8221; custom_width_px=&#8221;1280px&#8221;][et_pb_column type=&#8221;1_3&#8243; _builder_version=&#8221;3.25&#8243; custom_padding=&#8221;|||&#8221; custom_padding__hover=&#8221;|||&#8221;][et_pb_image src=&#8221;https:\/\/www.cococinnelle.com\/wp-content\/uploads\/2021\/01\/IMG_4641-rotated.jpg&#8221; title_text=&#8221;IMG_4641&#8243; show_in_lightbox=&#8221;on&#8221; use_overlay=&#8221;on&#8221; overlay_icon_color=&#8221;rgba(0,0,0,0.22)&#8221; hover_overlay_color=&#8221;rgba(255,255,255,0.29)&#8221; align_tablet=&#8221;center&#8221; align_phone=&#8221;&#8221; align_last_edited=&#8221;on|desktop&#8221; _builder_version=&#8221;4.7.7&#8243; custom_margin=&#8221;||15%|&#8221; animation_style=&#8221;slide&#8221; animation_direction=&#8221;bottom&#8221; animation_intensity_slide=&#8221;4%&#8221;][\/et_pb_image][et_pb_image src=&#8221;https:\/\/www.cococinnelle.com\/wp-content\/uploads\/2021\/01\/4503156112_IMG_0941-scaled-e1610210154984.jpg&#8221; title_text=&#8221;4503156112_IMG_0941&#8243; show_in_lightbox=&#8221;on&#8221; use_overlay=&#8221;on&#8221; overlay_icon_color=&#8221;rgba(0,0,0,0.22)&#8221; hover_overlay_color=&#8221;rgba(255,255,255,0.29)&#8221; align_tablet=&#8221;center&#8221; align_phone=&#8221;&#8221; [&hellip;]<\/p>\n","protected":false},"author":1,"featured_media":0,"parent":0,"menu_order":0,"comment_status":"closed","ping_status":"closed","template":"","meta":{"_et_pb_use_builder":"on","_et_pb_old_content":"","_et_gb_content_width":"","spay_email":""},"yoast_head":"<!-- This site is optimized with the Yoast SEO plugin v16.3 - https:\/\/yoast.com\/wordpress\/plugins\/seo\/ -->\n<title>Portfolio 2 - Cococinnelle<\/title>\n<meta name=\"robots\" content=\"index, follow, max-snippet:-1, max-image-preview:large, max-video-preview:-1\" \/>\n<link rel=\"canonical\" href=\"https:\/\/www.cococinnelle.com\/index.php\/portfolio-2\/\" \/>\n<meta property=\"og:locale\" content=\"fr_FR\" \/>\n<meta property=\"og:type\" content=\"article\" \/>\n<meta property=\"og:title\" content=\"Portfolio 2 - Cococinnelle\" \/>\n<meta property=\"og:description\" content=\"[et_pb_section fb_built=&#8221;1&#8243; _builder_version=&#8221;4.7.7&#8243; _module_preset=&#8221;default&#8221; background_color=&#8221;#f0e6da&#8221;][et_pb_row _builder_version=&#8221;4.7.7&#8243; _module_preset=&#8221;default&#8221;][et_pb_column type=&#8221;4_4&#8243; _builder_version=&#8221;4.7.7&#8243; _module_preset=&#8221;default&#8221;][et_pb_text _builder_version=&#8221;4.7.7&#8243; _module_preset=&#8221;default&#8221; text_font=&#8221;september||||||||&#8221; text_font_size=&#8221;34px&#8221; text_letter_spacing=&#8221;5px&#8221;] Mon portfolio [\/et_pb_text][\/et_pb_column][\/et_pb_row][\/et_pb_section][et_pb_section fb_built=&#8221;1&#8243; _builder_version=&#8221;3.22&#8243; custom_padding=&#8221;|||&#8221;][et_pb_row column_structure=&#8221;1_3,1_3,1_3&#8243; use_custom_gutter=&#8221;on&#8221; _builder_version=&#8221;3.25&#8243; max_width=&#8221;1280px&#8221; custom_margin=&#8221;|||&#8221; custom_padding=&#8221;|||&#8221; use_custom_width=&#8221;on&#8221; custom_width_px=&#8221;1280px&#8221;][et_pb_column type=&#8221;1_3&#8243; _builder_version=&#8221;3.25&#8243; custom_padding=&#8221;|||&#8221; custom_padding__hover=&#8221;|||&#8221;][et_pb_image src=&#8221;https:\/\/www.cococinnelle.com\/wp-content\/uploads\/2021\/01\/IMG_4641-rotated.jpg&#8221; title_text=&#8221;IMG_4641&#8243; show_in_lightbox=&#8221;on&#8221; use_overlay=&#8221;on&#8221; overlay_icon_color=&#8221;rgba(0,0,0,0.22)&#8221; hover_overlay_color=&#8221;rgba(255,255,255,0.29)&#8221; align_tablet=&#8221;center&#8221; align_phone=&#8221;&#8221; align_last_edited=&#8221;on|desktop&#8221; _builder_version=&#8221;4.7.7&#8243; custom_margin=&#8221;||15%|&#8221; animation_style=&#8221;slide&#8221; animation_direction=&#8221;bottom&#8221; animation_intensity_slide=&#8221;4%&#8221;][\/et_pb_image][et_pb_image src=&#8221;https:\/\/www.cococinnelle.com\/wp-content\/uploads\/2021\/01\/4503156112_IMG_0941-scaled-e1610210154984.jpg&#8221; title_text=&#8221;4503156112_IMG_0941&#8243; show_in_lightbox=&#8221;on&#8221; use_overlay=&#8221;on&#8221; overlay_icon_color=&#8221;rgba(0,0,0,0.22)&#8221; hover_overlay_color=&#8221;rgba(255,255,255,0.29)&#8221; align_tablet=&#8221;center&#8221; align_phone=&#8221;&#8221; [&hellip;]\" \/>\n<meta property=\"og:url\" content=\"https:\/\/www.cococinnelle.com\/index.php\/portfolio-2\/\" \/>\n<meta property=\"og:site_name\" content=\"Cococinnelle\" \/>\n<meta property=\"article:modified_time\" content=\"2021-05-29T10:50:30+00:00\" \/>\n<meta name=\"twitter:card\" content=\"summary_large_image\" \/>\n<meta name=\"twitter:label1\" content=\"Dur\u00e9e de lecture est.\">\n\t<meta name=\"twitter:data1\" content=\"5 minutes\">\n<script type=\"application\/ld+json\" class=\"yoast-schema-graph\">{\"@context\":\"https:\/\/schema.org\",\"@graph\":[{\"@type\":\"WebSite\",\"@id\":\"https:\/\/www.cococinnelle.com\/#website\",\"url\":\"https:\/\/www.cococinnelle.com\/\",\"name\":\"Cococinnelle\",\"description\":\"Et tout devient possible\",\"potentialAction\":[{\"@type\":\"SearchAction\",\"target\":\"https:\/\/www.cococinnelle.com\/?s={search_term_string}\",\"query-input\":\"required name=search_term_string\"}],\"inLanguage\":\"fr-FR\"},{\"@type\":\"WebPage\",\"@id\":\"https:\/\/www.cococinnelle.com\/index.php\/portfolio-2\/#webpage\",\"url\":\"https:\/\/www.cococinnelle.com\/index.php\/portfolio-2\/\",\"name\":\"Portfolio 2 - Cococinnelle\",\"isPartOf\":{\"@id\":\"https:\/\/www.cococinnelle.com\/#website\"},\"datePublished\":\"2021-05-24T15:08:46+00:00\",\"dateModified\":\"2021-05-29T10:50:30+00:00\",\"breadcrumb\":{\"@id\":\"https:\/\/www.cococinnelle.com\/index.php\/portfolio-2\/#breadcrumb\"},\"inLanguage\":\"fr-FR\",\"potentialAction\":[{\"@type\":\"ReadAction\",\"target\":[\"https:\/\/www.cococinnelle.com\/index.php\/portfolio-2\/\"]}]},{\"@type\":\"BreadcrumbList\",\"@id\":\"https:\/\/www.cococinnelle.com\/index.php\/portfolio-2\/#breadcrumb\",\"itemListElement\":[{\"@type\":\"ListItem\",\"position\":1,\"item\":{\"@type\":\"WebPage\",\"@id\":\"https:\/\/www.cococinnelle.com\/\",\"url\":\"https:\/\/www.cococinnelle.com\/\",\"name\":\"Accueil\"}},{\"@type\":\"ListItem\",\"position\":2,\"item\":{\"@id\":\"https:\/\/www.cococinnelle.com\/index.php\/portfolio-2\/#webpage\"}}]}]}<\/script>\n<!-- \/ Yoast SEO plugin. -->","jetpack-related-posts":[{"id":467,"url":"https:\/\/www.cococinnelle.com\/index.php\/a-la-une\/","url_meta":{"origin":489,"position":0},"title":"A la une","date":"23 mai 2021","format":false,"excerpt":"[et_pb_column type=\"4_4\" _builder_version=\"4.7.7\"\u2026","rel":"","context":"Article similaire","img":{"alt_text":"","src":"","width":0,"height":0},"classes":[]},{"id":543,"url":"https:\/\/www.cococinnelle.com\/index.php\/la-boutique\/","url_meta":{"origin":489,"position":1},"title":"LA BOUTIQUE","date":"28 mai 2021","format":false,"excerpt":"[et_pb_fullwidth_header title=\"Shop\" subhead=\"Handmade Jewelry\" text_orientation=\"center\" content_max_width=\"70%\" content_max_width_tablet=\"100%\" content_max_width_phone=\"\" content_max_width_last_edited=\"on|phone\" _builder_version=\"3.16\" title_font=\"Cormorant Garamond|500|||||||\" title_font_size=\"5vw\" title_line_height=\"1.5em\" subhead_font=\"Poppins|700||on|||||\" subhead_font_size=\"16px\" subhead_letter_spacing=\"15px\" subhead_line_height=\"2em\" background_color=\"rgba(255,255,255,0)\" background_image=\"https:\/\/www.cococinnelle.com\/wp-content\/uploads\/2021\/05\/jeweler08.jpg\" parallax=\"on\" parallax_method=\"on\" custom_button_one=\"on\" button_one_text_size=\"14px\" button_one_text_color=\"#000000\" button_one_bg_color=\"#ffffff\" button_one_border_width=\"14px\" button_one_border_color=\"#ffffff\" button_one_border_radius=\"0px\" button_one_letter_spacing=\"4px\" button_one_font=\"Poppins|500||on|||||\" background_layout=\"light\" custom_margin=\"||||false\" custom_padding=\"10vw||10vw||true\" title_font_size_tablet=\"40px\" title_font_size_phone=\"\" title_font_size_last_edited=\"on|desktop\" subhead_font_size_tablet=\"40px\"\u2026","rel":"","context":"Article similaire","img":{"alt_text":"","src":"","width":0,"height":0},"classes":[]},{"id":23,"url":"https:\/\/www.cococinnelle.com\/index.php\/portfolio\/","url_meta":{"origin":489,"position":2},"title":"Portfolio","date":"4 janvier 2021","format":false,"excerpt":"[et_pb_column type=\"1_3\"\u2026","rel":"","context":"Article similaire","img":{"alt_text":"","src":"","width":0,"height":0},"classes":[]},{"id":29,"url":"https:\/\/www.cococinnelle.com\/index.php\/mentions-legales\/","url_meta":{"origin":489,"position":3},"title":"Mentions L\u00e9gales","date":"4 janvier 2021","format":false,"excerpt":" Merci de lire avec attention les diff\u00e9rentes modalit\u00e9s d\u2019utilisation du pr\u00e9sent site avant d\u2019y parcourir ses pages. En vous connectant sur ce\u2026","rel":"","context":"Article similaire","img":{"alt_text":"","src":"","width":0,"height":0},"classes":[]},{"id":3,"url":"https:\/\/www.cococinnelle.com\/index.php\/politique-de-confidentialite\/","url_meta":{"origin":489,"position":4},"title":"Politique de confidentialit\u00e9","date":"30 juin 2020","format":false,"excerpt":"A. Introduction La confidentialit\u00e9 des visiteurs de notre site web est tr\u00e8s importante\u2026","rel":"","context":"Article similaire","img":{"alt_text":"","src":"","width":0,"height":0},"classes":[]},{"id":437,"url":"https:\/\/www.cococinnelle.com\/index.php\/conditions-generales-de-ventes\/","url_meta":{"origin":489,"position":5},"title":"Conditions g\u00e9n\u00e9rales de ventes","date":"10 janvier 2021","format":false,"excerpt":"CONDITIONS GENERALES DE VENTE \u2013 INTERNET En vigueur au 20\/10\/2017 ARTICLE\u2026","rel":"","context":"Article similaire","img":{"alt_text":"","src":"","width":0,"height":0},"classes":[]}],"_links":{"self":[{"href":"https:\/\/www.cococinnelle.com\/index.php\/wp-json\/wp\/v2\/pages\/489"}],"collection":[{"href":"https:\/\/www.cococinnelle.com\/index.php\/wp-json\/wp\/v2\/pages"}],"about":[{"href":"https:\/\/www.cococinnelle.com\/index.php\/wp-json\/wp\/v2\/types\/page"}],"author":[{"embeddable":true,"href":"https:\/\/www.cococinnelle.com\/index.php\/wp-json\/wp\/v2\/users\/1"}],"replies":[{"embeddable":true,"href":"https:\/\/www.cococinnelle.com\/index.php\/wp-json\/wp\/v2\/comments?post=489"}],"version-history":[{"count":4,"href":"https:\/\/www.cococinnelle.com\/index.php\/wp-json\/wp\/v2\/pages\/489\/revisions"}],"predecessor-version":[{"id":585,"href":"https:\/\/www.cococinnelle.com\/index.php\/wp-json\/wp\/v2\/pages\/489\/revisions\/585"}],"wp:attachment":[{"href":"https:\/\/www.cococinnelle.com\/index.php\/wp-json\/wp\/v2\/media?parent=489"}],"curies":[{"name":"wp","href":"https:\/\/api.w.org\/{rel}","templated":true}]}}