{"id":467,"date":"2021-05-23T19:19:59","date_gmt":"2021-05-23T17:19:59","guid":{"rendered":"https:\/\/www.cococinnelle.com\/?page_id=467"},"modified":"2023-06-10T15:35:44","modified_gmt":"2023-06-10T13:35:44","slug":"a-la-une","status":"publish","type":"page","link":"https:\/\/www.cococinnelle.com\/index.php\/a-la-une\/","title":{"rendered":"A la une"},"content":{"rendered":"<p>[et_pb_section fb_built=&#8221;1&#8243; _builder_version=&#8221;4.7.7&#8243; _module_preset=&#8221;default&#8221; background_color=&#8221;#f0e6da&#8221;][et_pb_row _builder_version=&#8221;4.7.7&#8243; _module_preset=&#8221;default&#8221;][et_pb_column type=&#8221;4_4&#8243; _builder_version=&#8221;4.7.7&#8243; _module_preset=&#8221;default&#8221;][et_pb_text _builder_version=&#8221;4.7.7&#8243; _module_preset=&#8221;default&#8221; text_font=&#8221;september||||||||&#8221; text_font_size=&#8221;35px&#8221; text_letter_spacing=&#8221;7px&#8221;]<\/p>\n<p style=\"text-align: center;\">A la Une<\/p>\n<p>[\/et_pb_text][\/et_pb_column][\/et_pb_row][\/et_pb_section][et_pb_section fb_built=&#8221;1&#8243; _builder_version=&#8221;4.7.7&#8243; _module_preset=&#8221;default&#8221;][et_pb_row _builder_version=&#8221;4.7.7&#8243; _module_preset=&#8221;default&#8221;][et_pb_column type=&#8221;4_4&#8243; _builder_version=&#8221;4.7.7&#8243; _module_preset=&#8221;default&#8221;][et_pb_gallery gallery_ids=&#8221;1510,1568,1557,1541&#8243; posts_number=&#8221;6&#8243; orientation=&#8221;portrait&#8221; show_title_and_caption=&#8221;off&#8221; zoom_icon_color=&#8221;#f0e6da&#8221; hover_overlay_color=&#8221;rgba(255,255,255,0.78)&#8221; hover_icon=&#8221;%%257%%&#8221; _builder_version=&#8221;4.7.7&#8243; _module_preset=&#8221;default&#8221; pagination_font=&#8221;ABeeZee||||||||&#8221; pagination_text_color=&#8221;#7b7670&#8243; child_filter_contrast=&#8221;116%&#8221; link_option_url=&#8221;https:\/\/www.cococinnelle.com\/index.php\/boutique\/&#8221; hover_enabled=&#8221;0&#8243; border_width_all_image=&#8221;2px&#8221; border_color_all_image=&#8221;#a1b6ba&#8221; box_shadow_style_image=&#8221;preset4&#8243; sticky_enabled=&#8221;0&#8243;][\/et_pb_gallery][\/et_pb_column][\/et_pb_row][\/et_pb_section][et_pb_section fb_built=&#8221;1&#8243; _builder_version=&#8221;4.7.7&#8243; _module_preset=&#8221;default&#8221;][et_pb_row _builder_version=&#8221;4.7.7&#8243; _module_preset=&#8221;default&#8221;][et_pb_column type=&#8221;4_4&#8243; _builder_version=&#8221;4.7.7&#8243; _module_preset=&#8221;default&#8221;][et_pb_gallery gallery_ids=&#8221;1505,1493,1469,1460&#8243; orientation=&#8221;portrait&#8221; show_title_and_caption=&#8221;off&#8221; zoom_icon_color=&#8221;#f0e6da&#8221; hover_overlay_color=&#8221;rgba(255,255,255,0.67)&#8221; hover_icon=&#8221;%%257%%&#8221; _builder_version=&#8221;4.7.7&#8243; _module_preset=&#8221;default&#8221; pagination_font=&#8221;ABeeZee||||||||&#8221; pagination_text_color=&#8221;#7b7670&#8243; filter_contrast=&#8221;113%&#8221; link_option_url=&#8221;https:\/\/www.cococinnelle.com\/index.php\/boutique\/&#8221; hover_enabled=&#8221;0&#8243; border_width_all=&#8221;1px&#8221; border_color_all=&#8221;#a1b6ba&#8221; box_shadow_style_image=&#8221;preset4&#8243; sticky_enabled=&#8221;0&#8243;][\/et_pb_gallery][\/et_pb_column][\/et_pb_row][\/et_pb_section][et_pb_section fb_built=&#8221;1&#8243; _builder_version=&#8221;4.7.7&#8243; _module_preset=&#8221;default&#8221;][et_pb_row _builder_version=&#8221;4.7.7&#8243; _module_preset=&#8221;default&#8221;][et_pb_column type=&#8221;4_4&#8243; _builder_version=&#8221;4.7.7&#8243; _module_preset=&#8221;default&#8221;][et_pb_countdown_timer title=&#8221;OUVERTURE DE LA BOUTIQUE&#8221; date_time=&#8221;2023-06-10 19:00&#8243; _builder_version=&#8221;4.7.7&#8243; _module_preset=&#8221;default&#8221; header_font=&#8221;ABeeZee||||||||&#8221; header_text_color=&#8221;#7b7670&#8243; numbers_text_color=&#8221;#7b7670&#8243; separator_text_color=&#8221;#7b7670&#8243; label_text_color=&#8221;#7b7670&#8243; hover_enabled=&#8221;0&#8243; sticky_enabled=&#8221;0&#8243;][\/et_pb_countdown_timer][\/et_pb_column][\/et_pb_row][\/et_pb_section]<\/p>\n","protected":false},"excerpt":{"rendered":"<p>[et_pb_section fb_built=&#8221;1&#8243; _builder_version=&#8221;4.7.7&#8243; _module_preset=&#8221;default&#8221; background_color=&#8221;#f0e6da&#8221;][et_pb_row _builder_version=&#8221;4.7.7&#8243; _module_preset=&#8221;default&#8221;][et_pb_column type=&#8221;4_4&#8243; _builder_version=&#8221;4.7.7&#8243; _module_preset=&#8221;default&#8221;][et_pb_text _builder_version=&#8221;4.7.7&#8243; _module_preset=&#8221;default&#8221; text_font=&#8221;september||||||||&#8221; text_font_size=&#8221;35px&#8221; text_letter_spacing=&#8221;7px&#8221;] A la Une [\/et_pb_text][\/et_pb_column][\/et_pb_row][\/et_pb_section][et_pb_section fb_built=&#8221;1&#8243; _builder_version=&#8221;4.7.7&#8243; _module_preset=&#8221;default&#8221;][et_pb_row _builder_version=&#8221;4.7.7&#8243; _module_preset=&#8221;default&#8221;][et_pb_column type=&#8221;4_4&#8243; _builder_version=&#8221;4.7.7&#8243; _module_preset=&#8221;default&#8221;][et_pb_gallery gallery_ids=&#8221;1510,1568,1557,1541&#8243; posts_number=&#8221;6&#8243; orientation=&#8221;portrait&#8221; show_title_and_caption=&#8221;off&#8221; zoom_icon_color=&#8221;#f0e6da&#8221; hover_overlay_color=&#8221;rgba(255,255,255,0.78)&#8221; hover_icon=&#8221;%%257%%&#8221; _builder_version=&#8221;4.7.7&#8243; _module_preset=&#8221;default&#8221; pagination_font=&#8221;ABeeZee||||||||&#8221; pagination_text_color=&#8221;#7b7670&#8243; child_filter_contrast=&#8221;116%&#8221; link_option_url=&#8221;https:\/\/www.cococinnelle.com\/index.php\/boutique\/&#8221; hover_enabled=&#8221;0&#8243; border_width_all_image=&#8221;2px&#8221; border_color_all_image=&#8221;#a1b6ba&#8221; box_shadow_style_image=&#8221;preset4&#8243; sticky_enabled=&#8221;0&#8243;][\/et_pb_gallery][\/et_pb_column][\/et_pb_row][\/et_pb_section][et_pb_section fb_built=&#8221;1&#8243; _builder_version=&#8221;4.7.7&#8243; _module_preset=&#8221;default&#8221;][et_pb_row _builder_version=&#8221;4.7.7&#8243; _module_preset=&#8221;default&#8221;][et_pb_column type=&#8221;4_4&#8243; _builder_version=&#8221;4.7.7&#8243; _module_preset=&#8221;default&#8221;][et_pb_gallery gallery_ids=&#8221;1505,1493,1469,1460&#8243; orientation=&#8221;portrait&#8221; [&hellip;]<\/p>\n","protected":false},"author":1,"featured_media":0,"parent":0,"menu_order":0,"comment_status":"closed","ping_status":"closed","template":"","meta":{"_et_pb_use_builder":"on","_et_pb_old_content":"","_et_gb_content_width":"","spay_email":""},"yoast_head":"<!-- This site is optimized with the Yoast SEO plugin v16.3 - https:\/\/yoast.com\/wordpress\/plugins\/seo\/ -->\n<title>A la une - Cococinnelle<\/title>\n<meta name=\"robots\" content=\"index, follow, max-snippet:-1, max-image-preview:large, max-video-preview:-1\" \/>\n<link rel=\"canonical\" href=\"https:\/\/www.cococinnelle.com\/index.php\/a-la-une\/\" \/>\n<meta property=\"og:locale\" content=\"fr_FR\" \/>\n<meta property=\"og:type\" content=\"article\" \/>\n<meta property=\"og:title\" content=\"A la une - Cococinnelle\" \/>\n<meta property=\"og:description\" content=\"[et_pb_section fb_built=&#8221;1&#8243; _builder_version=&#8221;4.7.7&#8243; _module_preset=&#8221;default&#8221; background_color=&#8221;#f0e6da&#8221;][et_pb_row _builder_version=&#8221;4.7.7&#8243; _module_preset=&#8221;default&#8221;][et_pb_column type=&#8221;4_4&#8243; _builder_version=&#8221;4.7.7&#8243; _module_preset=&#8221;default&#8221;][et_pb_text _builder_version=&#8221;4.7.7&#8243; _module_preset=&#8221;default&#8221; text_font=&#8221;september||||||||&#8221; text_font_size=&#8221;35px&#8221; text_letter_spacing=&#8221;7px&#8221;] A la Une [\/et_pb_text][\/et_pb_column][\/et_pb_row][\/et_pb_section][et_pb_section fb_built=&#8221;1&#8243; _builder_version=&#8221;4.7.7&#8243; _module_preset=&#8221;default&#8221;][et_pb_row _builder_version=&#8221;4.7.7&#8243; _module_preset=&#8221;default&#8221;][et_pb_column type=&#8221;4_4&#8243; _builder_version=&#8221;4.7.7&#8243; _module_preset=&#8221;default&#8221;][et_pb_gallery gallery_ids=&#8221;1510,1568,1557,1541&#8243; posts_number=&#8221;6&#8243; orientation=&#8221;portrait&#8221; show_title_and_caption=&#8221;off&#8221; zoom_icon_color=&#8221;#f0e6da&#8221; hover_overlay_color=&#8221;rgba(255,255,255,0.78)&#8221; hover_icon=&#8221;&#8221; _builder_version=&#8221;4.7.7&#8243; _module_preset=&#8221;default&#8221; pagination_font=&#8221;ABeeZee||||||||&#8221; pagination_text_color=&#8221;#7b7670&#8243; child_filter_contrast=&#8221;116%&#8221; link_option_url=&#8221;https:\/\/www.cococinnelle.com\/index.php\/boutique\/&#8221; hover_enabled=&#8221;0&#8243; border_width_all_image=&#8221;2px&#8221; border_color_all_image=&#8221;#a1b6ba&#8221; box_shadow_style_image=&#8221;preset4&#8243; sticky_enabled=&#8221;0&#8243;][\/et_pb_gallery][\/et_pb_column][\/et_pb_row][\/et_pb_section][et_pb_section fb_built=&#8221;1&#8243; _builder_version=&#8221;4.7.7&#8243; _module_preset=&#8221;default&#8221;][et_pb_row _builder_version=&#8221;4.7.7&#8243; _module_preset=&#8221;default&#8221;][et_pb_column type=&#8221;4_4&#8243; _builder_version=&#8221;4.7.7&#8243; _module_preset=&#8221;default&#8221;][et_pb_gallery gallery_ids=&#8221;1505,1493,1469,1460&#8243; orientation=&#8221;portrait&#8221; [&hellip;]\" \/>\n<meta property=\"og:url\" content=\"https:\/\/www.cococinnelle.com\/index.php\/a-la-une\/\" \/>\n<meta property=\"og:site_name\" content=\"Cococinnelle\" \/>\n<meta property=\"article:modified_time\" content=\"2023-06-10T13:35:44+00:00\" \/>\n<meta name=\"twitter:card\" content=\"summary_large_image\" \/>\n<meta name=\"twitter:label1\" content=\"Dur\u00e9e de lecture est.\">\n\t<meta name=\"twitter:data1\" content=\"2 minutes\">\n<script type=\"application\/ld+json\" class=\"yoast-schema-graph\">{\"@context\":\"https:\/\/schema.org\",\"@graph\":[{\"@type\":\"WebSite\",\"@id\":\"https:\/\/www.cococinnelle.com\/#website\",\"url\":\"https:\/\/www.cococinnelle.com\/\",\"name\":\"Cococinnelle\",\"description\":\"Et tout devient possible\",\"potentialAction\":[{\"@type\":\"SearchAction\",\"target\":\"https:\/\/www.cococinnelle.com\/?s={search_term_string}\",\"query-input\":\"required name=search_term_string\"}],\"inLanguage\":\"fr-FR\"},{\"@type\":\"WebPage\",\"@id\":\"https:\/\/www.cococinnelle.com\/index.php\/a-la-une\/#webpage\",\"url\":\"https:\/\/www.cococinnelle.com\/index.php\/a-la-une\/\",\"name\":\"A la une - Cococinnelle\",\"isPartOf\":{\"@id\":\"https:\/\/www.cococinnelle.com\/#website\"},\"datePublished\":\"2021-05-23T17:19:59+00:00\",\"dateModified\":\"2023-06-10T13:35:44+00:00\",\"breadcrumb\":{\"@id\":\"https:\/\/www.cococinnelle.com\/index.php\/a-la-une\/#breadcrumb\"},\"inLanguage\":\"fr-FR\",\"potentialAction\":[{\"@type\":\"ReadAction\",\"target\":[\"https:\/\/www.cococinnelle.com\/index.php\/a-la-une\/\"]}]},{\"@type\":\"BreadcrumbList\",\"@id\":\"https:\/\/www.cococinnelle.com\/index.php\/a-la-une\/#breadcrumb\",\"itemListElement\":[{\"@type\":\"ListItem\",\"position\":1,\"item\":{\"@type\":\"WebPage\",\"@id\":\"https:\/\/www.cococinnelle.com\/\",\"url\":\"https:\/\/www.cococinnelle.com\/\",\"name\":\"Accueil\"}},{\"@type\":\"ListItem\",\"position\":2,\"item\":{\"@id\":\"https:\/\/www.cococinnelle.com\/index.php\/a-la-une\/#webpage\"}}]}]}<\/script>\n<!-- \/ Yoast SEO plugin. -->","jetpack-related-posts":[{"id":543,"url":"https:\/\/www.cococinnelle.com\/index.php\/la-boutique\/","url_meta":{"origin":467,"position":0},"title":"LA BOUTIQUE","date":"28 mai 2021","format":false,"excerpt":"[et_pb_fullwidth_header title=\"Shop\" subhead=\"Handmade Jewelry\" text_orientation=\"center\" content_max_width=\"70%\" content_max_width_tablet=\"100%\" content_max_width_phone=\"\" content_max_width_last_edited=\"on|phone\" _builder_version=\"3.16\" title_font=\"Cormorant Garamond|500|||||||\" title_font_size=\"5vw\" title_line_height=\"1.5em\" subhead_font=\"Poppins|700||on|||||\" subhead_font_size=\"16px\" subhead_letter_spacing=\"15px\" subhead_line_height=\"2em\" background_color=\"rgba(255,255,255,0)\" background_image=\"https:\/\/www.cococinnelle.com\/wp-content\/uploads\/2021\/05\/jeweler08.jpg\" parallax=\"on\" parallax_method=\"on\" custom_button_one=\"on\" button_one_text_size=\"14px\" button_one_text_color=\"#000000\" button_one_bg_color=\"#ffffff\" button_one_border_width=\"14px\" button_one_border_color=\"#ffffff\" button_one_border_radius=\"0px\" button_one_letter_spacing=\"4px\" button_one_font=\"Poppins|500||on|||||\" background_layout=\"light\" custom_margin=\"||||false\" custom_padding=\"10vw||10vw||true\" title_font_size_tablet=\"40px\" title_font_size_phone=\"\" title_font_size_last_edited=\"on|desktop\" subhead_font_size_tablet=\"40px\"\u2026","rel":"","context":"Article similaire","img":{"alt_text":"","src":"","width":0,"height":0},"classes":[]},{"id":29,"url":"https:\/\/www.cococinnelle.com\/index.php\/mentions-legales\/","url_meta":{"origin":467,"position":1},"title":"Mentions L\u00e9gales","date":"4 janvier 2021","format":false,"excerpt":" Merci de lire avec attention les diff\u00e9rentes modalit\u00e9s d\u2019utilisation du pr\u00e9sent site avant d\u2019y parcourir ses pages. En vous connectant sur ce\u2026","rel":"","context":"Article similaire","img":{"alt_text":"","src":"","width":0,"height":0},"classes":[]},{"id":3,"url":"https:\/\/www.cococinnelle.com\/index.php\/politique-de-confidentialite\/","url_meta":{"origin":467,"position":2},"title":"Politique de confidentialit\u00e9","date":"30 juin 2020","format":false,"excerpt":"A. Introduction La confidentialit\u00e9 des visiteurs de notre site web est tr\u00e8s importante\u2026","rel":"","context":"Article similaire","img":{"alt_text":"","src":"","width":0,"height":0},"classes":[]},{"id":437,"url":"https:\/\/www.cococinnelle.com\/index.php\/conditions-generales-de-ventes\/","url_meta":{"origin":467,"position":3},"title":"Conditions g\u00e9n\u00e9rales de ventes","date":"10 janvier 2021","format":false,"excerpt":"CONDITIONS GENERALES DE VENTE \u2013 INTERNET En vigueur au 20\/10\/2017 ARTICLE\u2026","rel":"","context":"Article similaire","img":{"alt_text":"","src":"","width":0,"height":0},"classes":[]},{"id":39,"url":"https:\/\/www.cococinnelle.com\/index.php\/a-propos\/","url_meta":{"origin":467,"position":4},"title":"A Propos","date":"4 janvier 2021","format":false,"excerpt":"[et_pb_image src=\"https:\/\/www.cococinnelle.com\/wp-content\/uploads\/2021\/01\/Illustration_sans_titre-19.jpg\" title_text=\"Illustration_sans_titre 19\"\u2026","rel":"","context":"Article similaire","img":{"alt_text":"","src":"","width":0,"height":0},"classes":[]},{"id":2,"url":"https:\/\/www.cococinnelle.com\/index.php\/page-d-exemple\/","url_meta":{"origin":467,"position":5},"title":"Page d\u2019exemple","date":"30 juin 2020","format":false,"excerpt":"Ceci est une page d\u2019exemple. C\u2019est diff\u00e9rent d\u2019un article de blog parce qu\u2019elle restera au m\u00eame endroit et appara\u00eetra dans la navigation de votre site (dans la plupart des th\u00e8mes). La plupart des gens commencent par une page \u00ab\u00a0\u00c0 propos\u00a0\u00bb qui les pr\u00e9sente aux visiteurs du site. Cela pourrait ressembler\u2026","rel":"","context":"Article similaire","img":{"alt_text":"","src":"","width":0,"height":0},"classes":[]}],"_links":{"self":[{"href":"https:\/\/www.cococinnelle.com\/index.php\/wp-json\/wp\/v2\/pages\/467"}],"collection":[{"href":"https:\/\/www.cococinnelle.com\/index.php\/wp-json\/wp\/v2\/pages"}],"about":[{"href":"https:\/\/www.cococinnelle.com\/index.php\/wp-json\/wp\/v2\/types\/page"}],"author":[{"embeddable":true,"href":"https:\/\/www.cococinnelle.com\/index.php\/wp-json\/wp\/v2\/users\/1"}],"replies":[{"embeddable":true,"href":"https:\/\/www.cococinnelle.com\/index.php\/wp-json\/wp\/v2\/comments?post=467"}],"version-history":[{"count":20,"href":"https:\/\/www.cococinnelle.com\/index.php\/wp-json\/wp\/v2\/pages\/467\/revisions"}],"predecessor-version":[{"id":1585,"href":"https:\/\/www.cococinnelle.com\/index.php\/wp-json\/wp\/v2\/pages\/467\/revisions\/1585"}],"wp:attachment":[{"href":"https:\/\/www.cococinnelle.com\/index.php\/wp-json\/wp\/v2\/media?parent=467"}],"curies":[{"name":"wp","href":"https:\/\/api.w.org\/{rel}","templated":true}]}}